{"id":503,"date":"2014-05-12T11:32:58","date_gmt":"2014-05-12T09:32:58","guid":{"rendered":"http:\/\/www.iolandavonguggenberg.it\/?page_id=503"},"modified":"2023-11-14T11:03:21","modified_gmt":"2023-11-14T10:03:21","slug":"wer-sind-wir-studium-der-diaetetik-und-biopranotherapie-iolanda-guido-von-guggenberg","status":"publish","type":"page","link":"https:\/\/www.iolandavonguggenberg.it\/de\/wer-sind-wir-studium-der-diaetetik-und-biopranotherapie-iolanda-guido-von-guggenberg","title":{"rendered":"Wer sind wir"},"content":{"rendered":"<div class=\"fusion-fullwidth fullwidth-box nonhundred-percent-fullwidth non-hundred-percent-height-scrolling\"  style='background-color: rgba(255,255,255,0);background-position: center center;background-repeat: no-repeat;padding-top:0px;padding-right:0px;padding-bottom:0px;padding-left:0px;'><div class=\"fusion-builder-row fusion-row \"><div  class=\"fusion-layout-column fusion_builder_column fusion_builder_column_1_1  fusion-one-full fusion-column-first fusion-column-last 1_1\"  style='margin-top:0px;margin-bottom:0px;'>\n\t\t\t\t\t<div class=\"fusion-column-wrapper\" style=\"padding: 0px 0px 0px 0px;background-position:left top;background-repeat:no-repeat;-webkit-background-size:cover;-moz-background-size:cover;-o-background-size:cover;background-size:cover;\"  data-bg-url=\"\">\n\t\t\t\t\t\t<div class=\"fusion-text\"><div id=\"attachment_23\" style=\"width: 367px\" class=\"wp-caption alignright\"><img loading=\"lazy\" decoding=\"async\" aria-describedby=\"caption-attachment-23\" class=\"size-full wp-image-23 \" src=\"https:\/\/www.iolandavonguggenberg.it\/wp-content\/uploads\/2014\/04\/iolanda.jpg\" alt=\"\" width=\"357\" height=\"236\" srcset=\"https:\/\/www.iolandavonguggenberg.it\/wp-content\/uploads\/2014\/04\/iolanda-300x198.jpg 300w, https:\/\/www.iolandavonguggenberg.it\/wp-content\/uploads\/2014\/04\/iolanda.jpg 357w\" sizes=\"(max-width: 357px) 100vw, 357px\" \/><p id=\"caption-attachment-23\" class=\"wp-caption-text\">Dr. Iolanda Guido von Guggenberg<\/p><\/div>\n<p style=\"text-align: justify;\"><strong>Die Praxis f\u00fcr Di\u00e4tistik und Biopranatherapie\u00a0<\/strong>= Innovation \u2013 Multidimension des Individuums im \u201d Hier und Jetzt\u201d.<\/p>\n<p style=\"text-align: justify;\"><b>Die Di\u00e4tistin<\/b> ist eine spezialisierte Fachkraft. Das Gesetz definiert sie als \u201ckompetente sanit\u00e4re Fachkraft f\u00fcr alle Aktivit\u00e4ten finalisiert f\u00fcr eine korrekte Anwendung der Ern\u00e4hrung\u201d (Ministerialdekret 14\/09\/1994).<br \/>\n&#8211; Universit\u00e4t von Bologna<br \/>\n&#8211; Universit\u00e4t von Modena und Reggio Emilia<\/p>\n<p><b>Der Biopranatherapeut <\/b>\u00a0ist eine professionelle in Mailand ausgebildete Figur an der Akademie f\u00fcr Biopranatherapie A.N.P.S.I., mit Auszeichnung abgeschlossen.<\/p>\n<p style=\"text-align: justify;\">Der<strong>\u00a0energetische Behandler<\/strong>\u00a0ist ein energetischer Heiler: er loest die Blockaden und bringt das \u00a0Energetische Feld\u00a0des Menschen in Ausgleich.<\/p>\n<h3 style=\"text-align: justify;\"><\/h3>\n<h2><strong>Die Praxis f\u00fcr Di\u00e4tistik und Biopranatherapie bietet<\/strong><\/h2>\n<p><img loading=\"lazy\" decoding=\"async\" class=\"wp-image-336 alignright\" src=\"https:\/\/www.iolandavonguggenberg.it\/wp-content\/uploads\/2014\/04\/Fotolia_62622832.jpg\" alt=\"\" width=\"321\" height=\"212\" \/><\/p>\n<p><strong>&#8211;\u00a0Ern\u00e4hrungs\u00fcberwachung\u00a0<\/strong><\/p>\n<ul>\n<li><strong>Diaetberatung oder personalizierte Ern\u00e4hrungszyklen<\/strong><\/li>\n<li><strong>Analyse der K\u00f6rperzusammensetzung anhand der Technik der Impedenziometrie K\u00f6rpergewicht<\/strong><\/li>\n<li><strong>Arbeitet therapeutische und personalisierte<\/strong> <strong>Di\u00e4tpl\u00e4ne aus<\/strong> (je nach \u00e4rztlicher Vorschrift und Diagnose)<\/li>\n<li><strong>NEWS Diet, Energetic DAY EVOLUTION zu Hause\u00a0<\/strong><\/li>\n<li><strong>Diaetberatung<\/strong> (<strong>Abmagernd,\u00a0 ausgleichend, Wellness-Diaet um 360 Grad, Allergien)<\/strong><\/li>\n<li><strong>Plant und realisiert didaktische, erzieherische und informative Aktivit\u00e4ten<\/strong><\/li>\n<li><strong>Zusammenarbeit mit anderen Vertretern zur multidisziplin\u00e4ren Behandlung der Verhaltense\u03b2st\u00f6rungen<\/strong> (nerv\u00f6se Anorexie, nerv\u00f6se Bulimie,nicht kontrollierte Ern\u00e4hrung)<\/li>\n<\/ul>\n<p><strong>&#8211;<\/strong><strong> Energetische Konsulenz<\/strong><\/p>\n<ul>\n<li><strong>Pranasitzungen, Biopranatherapie\u00a0 &#8211; \u00a03-5 Sitzungen\u00a0(siehe Biopranatherapie)<\/strong><\/li>\n<li><strong>Lektuere und Heilung\u00a0des Energiefeldes\u00a0 (1-3 S<\/strong><strong>itzungen)<\/strong><\/li>\n<li><strong>Reinigung des Energiefeldes<\/strong><strong> (1-3 Sitzungen)<\/strong><\/li>\n<li><strong>Ausgleichen der Chakren und der Aura<\/strong> \u2013 Biopranatherapie\u00a0<strong>(1- 3 Sitzungen)<\/strong><\/li>\n<\/ul>\n<p><strong>\u00a0&#8211;\u00a0 Sitzungen der Fototherapie\u00a0 (3-5) \u00a0<\/strong>\u00a0(siehe Pranatherapie)<\/p>\n<p><strong>&#8211; Sitzungen \u00a0der Chromotherapie mit den 7 Farben<\/strong> (siehe Wellness-Pakete)<\/p>\n<p><strong>&#8211; AYURVEDISCHE BEHANDLUNGEN<\/strong><\/p>\n<ul>\n<li>Die 152 Methoden der Ayurveda M<strong>assage nach der Lehre des Meisters Amadio Bianchi<\/strong> (Relax , Detox, verbessert den Blutkreislauf, wird jenen angeboten, die an Hypertension und Problemen der Kardiozirkolation leiden, gibt dem K\u00f6rper Elastizit\u00e4t)<\/li>\n<\/ul>\n<p><strong>&#8211; Organisiert spezielle Events, Konferenzen, Seminare und Kurse (siehe homepage und\u00a0 News) <\/strong><br \/>\n<a href=\"https:\/\/www.iolandavonguggenberg.it\/de\/kontakte\">Gerne geben wir Ihnen weitere interessante Informationen zu den verschiedenen Disziplinen.<\/a><\/p>\n<\/div><div class=\"fusion-clearfix\"><\/div>\n\n\t\t\t\t\t<\/div>\n\t\t\t\t<\/div><\/div><\/div>\n","protected":false},"excerpt":{"rendered":"","protected":false},"author":1,"featured_media":0,"parent":0,"menu_order":0,"comment_status":"open","ping_status":"closed","template":"","meta":{"footnotes":""},"_links":{"self":[{"href":"https:\/\/www.iolandavonguggenberg.it\/de\/wp-json\/wp\/v2\/pages\/503"}],"collection":[{"href":"https:\/\/www.iolandavonguggenberg.it\/de\/wp-json\/wp\/v2\/pages"}],"about":[{"href":"https:\/\/www.iolandavonguggenberg.it\/de\/wp-json\/wp\/v2\/types\/page"}],"author":[{"embeddable":true,"href":"https:\/\/www.iolandavonguggenberg.it\/de\/wp-json\/wp\/v2\/users\/1"}],"replies":[{"embeddable":true,"href":"https:\/\/www.iolandavonguggenberg.it\/de\/wp-json\/wp\/v2\/comments?post=503"}],"version-history":[{"count":7,"href":"https:\/\/www.iolandavonguggenberg.it\/de\/wp-json\/wp\/v2\/pages\/503\/revisions"}],"predecessor-version":[{"id":2367,"href":"https:\/\/www.iolandavonguggenberg.it\/de\/wp-json\/wp\/v2\/pages\/503\/revisions\/2367"}],"wp:attachment":[{"href":"https:\/\/www.iolandavonguggenberg.it\/de\/wp-json\/wp\/v2\/media?parent=503"}],"curies":[{"name":"wp","href":"https:\/\/api.w.org\/{rel}","templated":true}]}}