{"id":524,"date":"2014-05-12T12:27:50","date_gmt":"2014-05-12T10:27:50","guid":{"rendered":"http:\/\/www.iolandavonguggenberg.it\/?page_id=524"},"modified":"2021-03-05T12:16:21","modified_gmt":"2021-03-05T11:16:21","slug":"diatistik","status":"publish","type":"page","link":"https:\/\/www.iolandavonguggenberg.it\/de\/diatistik","title":{"rendered":"Di\u00e4tistik"},"content":{"rendered":"<div class=\"fusion-fullwidth fullwidth-box nonhundred-percent-fullwidth non-hundred-percent-height-scrolling\"  style='background-color: rgba(255,255,255,0);background-position: center center;background-repeat: no-repeat;padding-top:0px;padding-right:0px;padding-bottom:0px;padding-left:0px;'><div class=\"fusion-builder-row fusion-row \"><div  class=\"fusion-layout-column fusion_builder_column fusion_builder_column_1_1  fusion-one-full fusion-column-first fusion-column-last 1_1\"  style='margin-top:0px;margin-bottom:0px;'>\n\t\t\t\t\t<div class=\"fusion-column-wrapper\" style=\"padding: 0px 0px 0px 0px;background-position:left top;background-repeat:no-repeat;-webkit-background-size:cover;-moz-background-size:cover;-o-background-size:cover;background-size:cover;\"  data-bg-url=\"\">\n\t\t\t\t\t\t<div class=\"fusion-text\"><h2><img loading=\"lazy\" decoding=\"async\" class=\" wp-image-306 alignright\" src=\"https:\/\/www.iolandavonguggenberg.it\/wp-content\/uploads\/2014\/04\/Fotolia_62622211.jpg\" alt=\"Fotolia_62622211\" width=\"269\" height=\"179\" srcset=\"https:\/\/www.iolandavonguggenberg.it\/wp-content\/uploads\/2014\/04\/Fotolia_62622211-300x199.jpg 300w, https:\/\/www.iolandavonguggenberg.it\/wp-content\/uploads\/2014\/04\/Fotolia_62622211.jpg 800w\" sizes=\"(max-width: 269px) 100vw, 269px\" \/>Di\u00e4tistik<\/h2>\n<p>Eines der bekanntesten Aforismen besagt \u201cDer Mensch ist, was er i\u03b2t\u201d.<br \/>\n(Ludwig Feuerbach, deutscher Philosoph \u2013 1850).<\/p>\n<h2 style=\"text-align: center;\"><\/h2>\n<h4><em>&#8211; <strong>Neuigkeit<\/strong><\/em><em> \u00a0&#8211; <span style=\"color: #0000ff;\">DETOX- Verfahren<\/span> <strong>&#8222;Entschlacken wir den Koerper auf natuerliche Weise mit wohlschmeckenden Speisen <\/strong><\/em><strong>(leichte Ernaehrung mit einfacher Zubereitung)\u201d<\/strong><\/h4>\n<h5><em>NEWS \u2013 DIE VIER ETAPPEN DES WOHLBEFINDENS \u2013\u00a0\u201cENTSCHLACKEN WIR DEN KOERPER MIT NATUERLICHEN UND WOHLSCHMECKENDEN SPEISEN\u201d\u00a0<\/em><\/h5>\n<h3 style=\"text-align: justify;\"><\/h3>\n<h2><\/h2>\n<h2><\/h2>\n<h2 style=\"text-align: left;\">Biologisches Gleichgewicht und Wohlbefinden<\/h2>\n<p><b><img loading=\"lazy\" decoding=\"async\" class=\" wp-image-1005 alignleft\" src=\"https:\/\/www.iolandavonguggenberg.it\/wp-content\/uploads\/2014\/04\/equilibrio-biologico-benessere.jpg\" alt=\"equilibrio-biologico-benessere\" width=\"228\" height=\"207\" srcset=\"https:\/\/www.iolandavonguggenberg.it\/wp-content\/uploads\/2014\/04\/equilibrio-biologico-benessere-300x273.jpg 300w, https:\/\/www.iolandavonguggenberg.it\/wp-content\/uploads\/2014\/04\/equilibrio-biologico-benessere.jpg 550w\" sizes=\"(max-width: 228px) 100vw, 228px\" \/>Die Ern\u00e4hrung <\/b>ist die Schlu\u03b2folgerung einer Serie von bewu\u03b2ten und willentlichen Aktivit\u00e4ten. Anhand von \u00a0diesen w\u00e4hlt der Mensch die Nahrungsmittel aus, die seinem Konsum entsprechen. Er befreit sie von Resten, transformiert sie, kocht sie und i\u03b2t sie letztendlich.<br \/>\nAb diesem Moment spricht man von Ern\u00e4hrung, die Nahrungsmittel werden im Verdauungstrakt verdaut und die Nahrungsbestandteile werden absorbiert und zur Leber und zu den periferischen Geweben transportiert, wo sie verwendet werden.\u00a0 \u00a0 \u00a0 \u00a0 \u00a0 \u00a0 \u00a0 \u00a0Sich in korrekter und ausgeglichener Weise und nach unseren Bed\u00fcrfnissen (Alter, Geschlecht, Arbeitsaktivit\u00e4t usw.) anhand von Nahrungsmitteln zu ern\u00e4hren bedeutet, das biologische\u00a0 Gleichgewicht beizubehalten und die Gesundheit zu garantieren, als \u201cStatus von totalem physischem, psychischem und\u00a0 sozialem Wohlbefinden und nicht nur einfaches Fehlen von Krankheit\u201d, so nach der Weltgesundheitsorganisation.<\/p>\n<h3><\/h3>\n<h2><img loading=\"lazy\" decoding=\"async\" class=\" wp-image-31 alignright\" src=\"https:\/\/www.iolandavonguggenberg.it\/wp-content\/uploads\/2014\/04\/analizzatore-della-composizione-corporea.jpg\" alt=\"analizzatore-della-composizione-corporea\" width=\"223\" height=\"584\" srcset=\"https:\/\/www.iolandavonguggenberg.it\/wp-content\/uploads\/2014\/04\/analizzatore-della-composizione-corporea-114x300.jpg 114w, https:\/\/www.iolandavonguggenberg.it\/wp-content\/uploads\/2014\/04\/analizzatore-della-composizione-corporea.jpg 248w\" sizes=\"(max-width: 223px) 100vw, 223px\" \/><\/h2>\n<h2>Erarbeitet Men\u00fcs und Di\u00e4ten f\u00fcr<\/h2>\n<ul>\n<li>Kinder, Jugendliche, Erwachsene, \u00e4ltere Menschen<\/li>\n<li>Schwangerschaft, Stillzeit<\/li>\n<li>Zentren wie Kurh\u00e4user, Privatkliniken, Krankenh\u00e4user, Schulen, Vereine, usw.<\/li>\n<li>Intolleranz, Lebensmittelenergien <strong>(zum Beispiel Nickelallergie)<\/strong><\/li>\n<li>Anorexie, Bulimie, nicht kontrollierte Er\u00e4hrung<\/li>\n<li>\u01dbbergewicht, metabolisches Syndrom<\/li>\n<li>Diabetes<\/li>\n<li>Hyperkolesterolemie<\/li>\n<li>Hypertriglizeridemie<\/li>\n<li>Hypertension und St\u00f6rungen des Herz-Kreislaufsystems<\/li>\n<li>Dr\u00fcsen- Nieren- und gastroenterische Krankheiten, und <strong>andere<\/strong><\/li>\n<\/ul>\n<h2>Messung der K\u00f6rpersituation (composizione corporea)<\/h2>\n<p><strong>Analyse der K\u00f6rperzusammensetzung anhand der Technik der Impedenziometrie K\u00f6rpergewicht<br \/>\n<\/strong><\/p>\n<ul>\n<li>BMI (Index der K\u00f6rpermasse)<\/li>\n<li>Grundumsatz<\/li>\n<li>Prozentueller Anteil des Fettgewebe<\/li>\n<li>Fettgewebe in Kg<\/li>\n<li>Magere Masse und Wasser<\/li>\n<li>\u00a0Viszerales Fettgewebe<\/li>\n<\/ul>\n<h2 style=\"text-align: justify;\">Di\u00e4ten, die personalisiert sind, gemessen, analysiert, studiert und aus-gearbeitet f\u00fcr die Gesundheit und das physische Wohlbefinden<\/h2>\n<ul>\n<li><span style=\"color: #ff0000;\"><strong>IBS und FODMAP Low\u00a0Di\u00e4t\u00a0<\/strong><\/span><\/li>\n<li><strong>Abmagerungsdi\u00e4ten<\/strong><\/li>\n<li><strong>Ausgleichende Di\u00e4t<\/strong><\/li>\n<li><strong>Di\u00e4t zum Wohlbefinden um 360 Grad<\/strong><\/li>\n<li><strong>Vegetarische Di\u00e4t<\/strong><\/li>\n<li><strong>\u201cVegana\u201d-Di\u00e4t<\/strong><\/li>\n<li><strong>NEWS 3DIETAUNI<\/strong>\u00a0 &#8211;\u00a0 (REGIME\u00a0 von 3 Tagen \u2013 Ziel: Keine Diaet \u2013 Einfache und natuerliche Ernaehrung mit personalisierten Esswaren)<\/li>\n<\/ul>\n<\/div><div class=\"fusion-clearfix\"><\/div>\n\n\t\t\t\t\t<\/div>\n\t\t\t\t<\/div><\/div><\/div>\n","protected":false},"excerpt":{"rendered":"","protected":false},"author":1,"featured_media":0,"parent":0,"menu_order":0,"comment_status":"open","ping_status":"closed","template":"","meta":{"footnotes":""},"_links":{"self":[{"href":"https:\/\/www.iolandavonguggenberg.it\/de\/wp-json\/wp\/v2\/pages\/524"}],"collection":[{"href":"https:\/\/www.iolandavonguggenberg.it\/de\/wp-json\/wp\/v2\/pages"}],"about":[{"href":"https:\/\/www.iolandavonguggenberg.it\/de\/wp-json\/wp\/v2\/types\/page"}],"author":[{"embeddable":true,"href":"https:\/\/www.iolandavonguggenberg.it\/de\/wp-json\/wp\/v2\/users\/1"}],"replies":[{"embeddable":true,"href":"https:\/\/www.iolandavonguggenberg.it\/de\/wp-json\/wp\/v2\/comments?post=524"}],"version-history":[{"count":5,"href":"https:\/\/www.iolandavonguggenberg.it\/de\/wp-json\/wp\/v2\/pages\/524\/revisions"}],"predecessor-version":[{"id":2148,"href":"https:\/\/www.iolandavonguggenberg.it\/de\/wp-json\/wp\/v2\/pages\/524\/revisions\/2148"}],"wp:attachment":[{"href":"https:\/\/www.iolandavonguggenberg.it\/de\/wp-json\/wp\/v2\/media?parent=524"}],"curies":[{"name":"wp","href":"https:\/\/api.w.org\/{rel}","templated":true}]}}