{"id":533,"date":"2014-05-12T12:55:09","date_gmt":"2014-05-12T10:55:09","guid":{"rendered":"http:\/\/www.iolandavonguggenberg.it\/?page_id=533"},"modified":"2023-11-13T16:22:17","modified_gmt":"2023-11-13T15:22:17","slug":"unser-angebot","status":"publish","type":"page","link":"https:\/\/www.iolandavonguggenberg.it\/de\/unser-angebot","title":{"rendered":"Unser Angebot"},"content":{"rendered":"<div class=\"fusion-fullwidth fullwidth-box nonhundred-percent-fullwidth non-hundred-percent-height-scrolling\"  style='background-color: rgba(255,255,255,0);background-position: center center;background-repeat: no-repeat;padding-top:0px;padding-right:0px;padding-bottom:0px;padding-left:0px;'><div class=\"fusion-builder-row fusion-row \"><div  class=\"fusion-layout-column fusion_builder_column fusion_builder_column_1_1  fusion-one-full fusion-column-first fusion-column-last 1_1\"  style='margin-top:0px;margin-bottom:0px;'>\n\t\t\t\t\t<div class=\"fusion-column-wrapper\" style=\"padding: 0px 0px 0px 0px;background-position:left top;background-repeat:no-repeat;-webkit-background-size:cover;-moz-background-size:cover;-o-background-size:cover;background-size:cover;\"  data-bg-url=\"\">\n\t\t\t\t\t\t<div class=\"fusion-text\"><p><img loading=\"lazy\" decoding=\"async\" class=\" wp-image-336 alignright\" src=\"https:\/\/www.iolandavonguggenberg.it\/wp-content\/uploads\/2014\/04\/Fotolia_62622832.jpg\" alt=\"Fotolia_62622832\" width=\"280\" height=\"230\" srcset=\"https:\/\/www.iolandavonguggenberg.it\/wp-content\/uploads\/2014\/04\/Fotolia_62622832-300x246.jpg 300w, https:\/\/www.iolandavonguggenberg.it\/wp-content\/uploads\/2014\/04\/Fotolia_62622832.jpg 800w\" sizes=\"(max-width: 280px) 100vw, 280px\" \/><\/p>\n<h2>UNSER ANGEBOT<\/h2>\n<ul>\n<li><strong>Ern\u00e4hrungs\u00fcberwachung<\/strong><\/li>\n<li>Messung der K\u00f6rpersituation- Analyse der K\u00f6rperzusammensetzung anhand der Technik der Impedenziometrie: K\u00f6rpergewicht, BMI (Index der K\u00f6rpermasse), Grundumsatz, Prozentueller Anteil des Fettgewebes, Fettgewebe in kg, Magere Masse und Wasser, Viszerales Fettgewebe<\/li>\n<li><strong>Personalisierte Di\u00e4t<\/strong><\/li>\n<li>\n<h2><strong>NEWS Diet, Energetic DAY EVOLUTION a DOMICILIO\u00a0<\/strong><\/h2>\n<\/li>\n<\/ul>\n<ul>\n<li><strong>Energetische Beratung\u2013 Biopranatherapie<\/strong>* Biopranatherapie &#8211; Sitzungen*<\/li>\n<li><strong>Energetischer Neuausgleich von Chakren und Aura -Biopranatherapie*<\/strong><\/li>\n<\/ul>\n<ul>\n<li><strong>\u00a0 \u00a0NEWS- \u00a0ZUM ERSTEN MAL \u201c LEKTUERE UND HEILUNG \u00a0DES ENERGIEFELDES\u201c \u00a0 \u00a0<\/strong>Die Lektuere und Heilung\u00a0des Energiefeldes besteht aus einer individuellen und personalisierten Sitzung &#8211;\u00a0Gilt fuer alle- Dauer: 1,5. \u00a0Stunde.\u00a0(Wir bedanken uns bei allen, die uns die Moeglichkeit \u00a0geben, \u00a0in einer anderen Stadt zu arbeiten in dieser Iniziative)<\/li>\n<\/ul>\n<ul>\n<li><strong>\u00a0 \u00a0Konsulenz-Ayurveda-Pulslekt\u00fcre (Konsulenz Pulslekt\u00fcre Ayurveda Spezialist<\/strong>): das einfachste , nat\u00fcrlichste und genaueste System f\u00fcr Rilevanz und Pr\u00e4vention der Unausgeglichenheit von Vata, Pitta und Kapha und um eine gute Gesundheit beizubehalten<\/li>\n<\/ul>\n<h2>DIE ENERGIE DES LICHTS IST IMSTANDE, DIE GENESUNG ZU BEEINFLUSSEN \u201cDEEPAK CHOPRA\u201d<\/h2>\n<ul>\n<li><strong><strong>ENERGETISCHE FOTOTHERAPIE &#8211;\u00a0<\/strong><\/strong>Eine natuerliche, sichere, geeignete, nicht invasive<\/li>\n<\/ul>\n<h2 style=\"text-align: left;\"><img loading=\"lazy\" decoding=\"async\" class=\"wp-image-343 alignright\" src=\"https:\/\/www.iolandavonguggenberg.it\/wp-content\/uploads\/2014\/04\/Fotolia_51457691.jpg\" alt=\"Fotolia_51457691\" width=\"215\" height=\"218\" srcset=\"https:\/\/www.iolandavonguggenberg.it\/wp-content\/uploads\/2014\/04\/Fotolia_51457691-66x66.jpg 66w, https:\/\/www.iolandavonguggenberg.it\/wp-content\/uploads\/2014\/04\/Fotolia_51457691.jpg 769w\" sizes=\"(max-width: 215px) 100vw, 215px\" \/><\/h2>\n<p style=\"text-align: left;\">Methode, um vital und in Form zu sein.\u00a0 \u00a0Wie funktioniert sie?\u00a0 Das Licht wird vom Koerper absorbiert, indem das Niveau des ATP (Adenosintriphosphat: prinzipielle chemische Energiequelle in den biologischen Prozessen) den zellulaeren Kreislauf verbessert.*<strong>ANDERE INFORMATIONEN SIEHE BIOPRANATHERAPIE<\/strong><\/p>\n<h3 style=\"text-align: left;\"><strong><span style=\"color: #0000ff;\"><em>Neuigkeit<\/em><\/span><em><span style=\"color: #0000ff;\"> Behandlung<\/span> &#8211; <span style=\"color: #ff00ff;\">&#8222;Wie man einfach und natuerlich die Atmung und die Verdauung verstaerken kann<\/span>\u00a0<\/em><span style=\"color: #0000ff;\">mit dem<\/span> <span style=\"color: #ff00ff;\">MONOLUX- Stift<\/span>\u00a0<\/strong><\/h3>\n<ul>\n<li>Der Monolux-Stift ist ein Instrument, benutzt das pulsierende Licht\u00a0 mit Frequenz und\u00a0 positiven Wellen &#8211; es ist nicht Lasertherapie &#8211; aber ein Led Licht\u00a0 von verschiedenen\u00a0 Farben\u00a0 mit\u00a0einziger\u00a0und ergetischer\u00a0 Funkuntion, um den Energiekoerper des Individuums zu verbessern.<\/li>\n<\/ul>\n<h2><\/h2>\n<h2 style=\"text-align: left;\">\u00a0Chromotherapie mit den 7 FARBEN<\/h2>\n<p>Die Chromotherapie benuetzt\u00a0 die Farben und das Licht um die Energiezentren des Koerpers auszugleichen und harmonisieren.<\/p>\n<h2><img loading=\"lazy\" decoding=\"async\" class=\"wp-image-1015 alignright\" src=\"https:\/\/www.iolandavonguggenberg.it\/wp-content\/uploads\/2014\/04\/cromoterapia.jpg\" alt=\"cromoterapia\" width=\"400\" height=\"158\" srcset=\"https:\/\/www.iolandavonguggenberg.it\/wp-content\/uploads\/2014\/04\/cromoterapia-300x118.jpg 300w, https:\/\/www.iolandavonguggenberg.it\/wp-content\/uploads\/2014\/04\/cromoterapia.jpg 550w\" sizes=\"(max-width: 400px) 100vw, 400px\" \/><\/h2>\n<ul>\n<li><strong>ANTISTRESS<\/strong> \u2013\u00a0<strong>Sitzungen: 5<\/strong> (verbessert den Kreislauf der Energie und l\u00f6st den angeh\u00e4uften Stress)<\/li>\n<li><strong>SCHLAFSTOERUNGEN \u2013\u00a0Sitzungen: 5<\/strong><\/li>\n<li><strong>STAERKUNG DER KOERPERABWEHR<\/strong>\u00a0<strong>\u2013\u00a0Sitzungen: 5<\/strong><\/li>\n<li><strong>REINIGUNG UND DETOX \u00a0<\/strong><strong>\u2013\u00a0Sitzungen: 5<\/strong><\/li>\n<li><strong>VERDAUUNGSSTOERUNGEN<\/strong> <strong>\u2013\u00a0Sitzungen: 5<\/strong><\/li>\n<li><strong>STAERKUNG DER KONZENTRATION UND DES GEDAECHTNISSES\u00a0<\/strong>&#8211; <strong>\u2013\u00a0Sitzungen: 5\u00a0<\/strong>\u2013\u00a0 (bei Hypotiroidismus)<\/li>\n<\/ul>\n<h4><strong>* Biopranaterapie sieht man <a href=\"https:\/\/www.iolandavonguggenberg.it\/de\/biopranatherapie\">klicke auf diesen Link.<\/a><\/strong><\/h4>\n<\/div><div class=\"fusion-clearfix\"><\/div>\n\n\t\t\t\t\t<\/div>\n\t\t\t\t<\/div><\/div><\/div>\n","protected":false},"excerpt":{"rendered":"","protected":false},"author":1,"featured_media":0,"parent":0,"menu_order":0,"comment_status":"open","ping_status":"closed","template":"","meta":{"footnotes":""},"_links":{"self":[{"href":"https:\/\/www.iolandavonguggenberg.it\/de\/wp-json\/wp\/v2\/pages\/533"}],"collection":[{"href":"https:\/\/www.iolandavonguggenberg.it\/de\/wp-json\/wp\/v2\/pages"}],"about":[{"href":"https:\/\/www.iolandavonguggenberg.it\/de\/wp-json\/wp\/v2\/types\/page"}],"author":[{"embeddable":true,"href":"https:\/\/www.iolandavonguggenberg.it\/de\/wp-json\/wp\/v2\/users\/1"}],"replies":[{"embeddable":true,"href":"https:\/\/www.iolandavonguggenberg.it\/de\/wp-json\/wp\/v2\/comments?post=533"}],"version-history":[{"count":6,"href":"https:\/\/www.iolandavonguggenberg.it\/de\/wp-json\/wp\/v2\/pages\/533\/revisions"}],"predecessor-version":[{"id":2346,"href":"https:\/\/www.iolandavonguggenberg.it\/de\/wp-json\/wp\/v2\/pages\/533\/revisions\/2346"}],"wp:attachment":[{"href":"https:\/\/www.iolandavonguggenberg.it\/de\/wp-json\/wp\/v2\/media?parent=533"}],"curies":[{"name":"wp","href":"https:\/\/api.w.org\/{rel}","templated":true}]}}