{"id":547,"date":"2014-05-12T15:02:16","date_gmt":"2014-05-12T13:02:16","guid":{"rendered":"http:\/\/www.iolandavonguggenberg.it\/?page_id=547"},"modified":"2025-06-13T18:08:08","modified_gmt":"2025-06-13T16:08:08","slug":"home","status":"publish","type":"page","link":"https:\/\/www.iolandavonguggenberg.it\/de","title":{"rendered":"Home"},"content":{"rendered":"<p><div class=\"fusion-fullwidth fullwidth-box nonhundred-percent-fullwidth non-hundred-percent-height-scrolling\"  style='background-color: rgba(255,255,255,0);background-position: left top;background-repeat: no-repeat;padding-top:0px;padding-right:0px;padding-bottom:20px;padding-left:0px;border-top-width:0px;border-bottom-width:0px;border-color:#eae9e9;border-top-style:solid;border-bottom-style:solid;'><div class=\"fusion-builder-row fusion-row \"><div  class=\"fusion-layout-column fusion_builder_column fusion_builder_column_1_2  fusion-one-half fusion-column-first 1_2\"  style='margin-top:0px;margin-bottom:20px;width:50%;width:calc(50% - ( ( 4% ) * 0.5 ) );margin-right: 4%;'>\n\t\t\t\t\t<div class=\"fusion-column-wrapper\" style=\"padding: 0px 0px 0px 0px;background-position:left top;background-repeat:no-repeat;-webkit-background-size:cover;-moz-background-size:cover;-o-background-size:cover;background-size:cover;\"  data-bg-url=\"\">\n\t\t\t\t\t\t<span style=\"margin-right:25px;float:left;\" class=\"fusion-imageframe imageframe-none imageframe-1 hover-type-none\"><img loading=\"lazy\" decoding=\"async\" src=\"https:\/\/www.iolandavonguggenberg.it\/wp-content\/uploads\/2014\/04\/promo.png\" width=\"78\" height=\"82\" alt=\"\" title=\"promo\" class=\"img-responsive wp-image-140\"\/><\/span><div class=\"fusion-text\"><div class=\"box_promo\"><a href=\"https:\/\/www.iolandavonguggenberg.it\/novita\">News<br \/>\nTieniti aggiornato sui nostri programmi, sul calendario delle conferenze e sulla scelta dei nostri corsi.<\/a><\/div>\n<\/div><div class=\"fusion-clearfix\"><\/div>\n\n\t\t\t\t\t<\/div>\n\t\t\t\t<\/div><div  class=\"fusion-layout-column fusion_builder_column fusion_builder_column_1_2  fusion-one-half fusion-column-last 1_2\"  style='margin-top:0px;margin-bottom:20px;width:50%;width:calc(50% - ( ( 4% ) * 0.5 ) );'>\n\t\t\t\t\t<div class=\"fusion-column-wrapper\" style=\"padding: 0px 0px 0px 0px;background-position:left top;background-repeat:no-repeat;-webkit-background-size:cover;-moz-background-size:cover;-o-background-size:cover;background-size:cover;\"  data-bg-url=\"\">\n\t\t\t\t\t\t<span style=\"margin-right:25px;float:left;\" class=\"fusion-imageframe imageframe-none imageframe-2 hover-type-none\"><img loading=\"lazy\" decoding=\"async\" src=\"https:\/\/www.iolandavonguggenberg.it\/wp-content\/uploads\/2014\/04\/news.png\" width=\"78\" height=\"81\" alt=\"\" title=\"news\" class=\"img-responsive wp-image-130\"\/><\/span><div class=\"fusion-text\"><div class=\"box_promo\"><a href=\"https:\/\/www.iolandavonguggenberg.it\/le-notre-offerte\"><br \/>\nECCO\u00a0LE NOSTRE\u00a0OFFERTE\u00a0\u00a0<\/a><\/div>\n<\/div><div class=\"fusion-clearfix\"><\/div>\n\n\t\t\t\t\t<\/div>\n\t\t\t\t<\/div><\/div><\/div><div class=\"fusion-fullwidth fullwidth-box nonhundred-percent-fullwidth non-hundred-percent-height-scrolling\"  style='background-color: #EFEFF1;background-position: left top;background-repeat: no-repeat;padding-top:15px;padding-right:0px;padding-bottom:25px;padding-left:0px;border-top-width:0px;border-bottom-width:0px;border-color:#eae9e9;border-top-style:solid;border-bottom-style:solid;'><div class=\"fusion-builder-row fusion-row \"><div  class=\"fusion-layout-column fusion_builder_column fusion_builder_column_1_1  fusion-one-full fusion-column-first fusion-column-last 1_1\"  style='margin-top:0px;margin-bottom:0px;'>\n\t\t\t\t\t<div class=\"fusion-column-wrapper\" style=\"padding: 0px 0px 0px 0px;background-position:left top;background-repeat:no-repeat;-webkit-background-size:cover;-moz-background-size:cover;-o-background-size:cover;background-size:cover;\"  data-bg-url=\"\">\n\t\t\t\t\t\t<div class=\"fusion-text\"><h3 style=\"text-align: left;\"><\/h3>\n<h1><strong>Studio di Dietistica e Biopranoterapia Dott.ssa Iolanda Guido von Guggenberg<\/strong><\/h1>\n<h3><strong><em>Warum eine Praxis f\u00fcr Di\u00e4tistik \u00a0und Pranaheilung zusammen?\u00a0\u00a0\u00a0<\/em><\/strong><\/h3>\n<h3><strong>Innovativ<\/strong><\/h3>\n<ul>\n<li>Offeriert \u00a0ein Project\u00a0<strong>\u201c Diet, Energetic Day Evolution\u201d<\/strong>, genehmigt \u00a0der AUTONOMEN PROVINZ BOZEN\u00a0am 27.12.2010.\u00a0<strong>\u00a0<\/strong>Eine Dienststleistung \u00a0die Diaetistik mit einer komplementaeren Methode zum Wohlbefinden \u00a0des Individuums umfasst.<\/li>\n<li>Offeriert \u00a0<strong>Online \u00a0Di\u00e4tetische\u00a0und \u00a0Bioenergetische Konsulenz \u00a0<\/strong><\/li>\n<li>Offeriert <strong>\u00a0Di\u00e4tetische zu Hause Konsulenz\u00a0<\/strong><\/li>\n<\/ul>\n<h3><strong>Zusammenarbeiten<\/strong><\/h3>\n<ul>\n<li>Mit anderen <strong>Figuren zur multidisziplinaeren Beahandlung des Ernaehrungsverhaltens<\/strong> \u00a0<strong>\u00a0<\/strong><\/li>\n<li>Mit anderen <strong>Strukturen<\/strong>\u00a0oder anderen <strong>Professionisten\u00a0<\/strong><\/li>\n<li><strong>Smart Working<span class=\"Apple-converted-space\">\u00a0<\/span><\/strong><\/li>\n<\/ul>\n<h3><strong>Trend <\/strong><\/h3>\n<ul>\n<li><strong>Kurs und Verbesserungsvorschl\u00e4ge, oder mit der neun\u00a0<\/strong><b>quantischen \u00a0professionellen Technologie (Ger\u00e4t f\u00fcr Frequenzen)\u00a0<\/b><\/li>\n<\/ul>\n<h3 style=\"text-align: justify;\"><\/h3>\n<\/div><div class=\"fusion-sep-clear\"><\/div><div class=\"fusion-separator fusion-full-width-sep sep-none\" style=\"margin-left: auto;margin-right: auto;margin-top:50px;\"><\/div><div class=\"fusion-clearfix\"><\/div>\n\n\t\t\t\t\t<\/div>\n\t\t\t\t<\/div><\/div><\/div><div class=\"fusion-fullwidth fullwidth-box nonhundred-percent-fullwidth non-hundred-percent-height-scrolling\"  style='background-color: rgba(255,255,255,0);background-position: center center;background-repeat: no-repeat;padding-top:0px;padding-right:0px;padding-bottom:0px;padding-left:0px;'><div class=\"fusion-builder-row fusion-row \"><div  class=\"fusion-layout-column fusion_builder_column fusion_builder_column_1_1  fusion-one-full fusion-column-first fusion-column-last 1_1\"  style='margin-top:0px;margin-bottom:20px;'>\n\t\t\t\t\t<div class=\"fusion-column-wrapper\" style=\"padding: 0px 0px 0px 0px;background-position:left top;background-repeat:no-repeat;-webkit-background-size:cover;-moz-background-size:cover;-o-background-size:cover;background-size:cover;\"  data-bg-url=\"\">\n\t\t\t\t\t\t<div class=\"fusion-text\"><h3 style=\"text-align: center;\"><strong>TEST PRATICATO DA IOLANDA GUGGENBERG realizzato da Daniele Gull\u00e0 &#8211; IL 13 MAGGIO 2018<\/strong><\/h3>\n<\/div><div class=\"fusion-button-wrapper fusion-aligncenter\"><style type=\"text\/css\" scoped=\"scoped\">.fusion-button.button-1 .fusion-button-text, .fusion-button.button-1 i {color:#ffffff;}.fusion-button.button-1 {border-width:1px;border-color:#ffffff;}.fusion-button.button-1 .fusion-button-icon-divider{border-color:#ffffff;}.fusion-button.button-1:hover .fusion-button-text, .fusion-button.button-1:hover i,.fusion-button.button-1:focus .fusion-button-text, .fusion-button.button-1:focus i,.fusion-button.button-1:active .fusion-button-text, .fusion-button.button-1:active{color:#ffffff;}.fusion-button.button-1:hover, .fusion-button.button-1:focus, .fusion-button.button-1:active{border-width:1px;border-color:#ffffff;}.fusion-button.button-1:hover .fusion-button-icon-divider, .fusion-button.button-1:hover .fusion-button-icon-divider, .fusion-button.button-1:active .fusion-button-icon-divider{border-color:#ffffff;}.fusion-button.button-1{width:auto;}<\/style><a class=\"fusion-button button-flat fusion-button-round button-large button-default button-1\" target=\"_blank\" rel=\"noopener noreferrer\" href=\"https:\/\/www.iolandavonguggenberg.it\/wp-content\/uploads\/TEST-PRATICATO-DA-IOLANDA-GUGGENBERG-realizzato-da-Daniele-Gull\u00e0-IL-13-MAGGIO-2018.pdf\"><span class=\"fusion-button-text\">CLICCA QUI<\/span><\/a><\/div><div class=\"fusion-clearfix\"><\/div>\n\n\t\t\t\t\t<\/div>\n\t\t\t\t<\/div><\/div><\/div><div class=\"fusion-fullwidth fullwidth-box nonhundred-percent-fullwidth non-hundred-percent-height-scrolling\"  style='background-color: rgba(255,255,255,0);background-position: center center;background-repeat: no-repeat;padding-top:0px;padding-right:0px;padding-bottom:0px;padding-left:0px;'><div class=\"fusion-builder-row fusion-row \"><div  class=\"fusion-layout-column fusion_builder_column fusion_builder_column_1_1  fusion-one-full fusion-column-first fusion-column-last fusion-column-no-min-height 1_1\"  style='margin-top:0px;margin-bottom:0px;'>\n\t\t\t\t\t<div class=\"fusion-column-wrapper\" style=\"padding: 0px 0px 0px 0px;background-position:left top;background-repeat:no-repeat;-webkit-background-size:cover;-moz-background-size:cover;-o-background-size:cover;background-size:cover;\"  data-bg-url=\"\">\n\t\t\t\t\t\t<style type=\"text\/css\" scoped=\"scoped\">.fusion-gallery-1 .fusion-gallery-image {border:0px solid #f6f6f6;}<\/style><div class=\"fusion-gallery fusion-gallery-container fusion-grid-4 fusion-columns-total-4 fusion-gallery-layout-grid fusion-gallery-1\" style=\"margin:-5px;\"><div style=\"padding:5px;\" class=\"fusion-grid-column fusion-gallery-column fusion-gallery-column-4 hover-type-zoomin\"><div class=\"fusion-gallery-image\"><a href=\"https:\/\/www.iolandavonguggenberg.it\/wp-content\/uploads\/2014\/04\/a_discussion_2.jpg\" class=\"fusion-lightbox\" data-rel=\"iLightbox[8fa8d054cc0639d50ff]\"><img loading=\"lazy\" decoding=\"async\" width=\"320\" height=\"202\" src=\"https:\/\/www.iolandavonguggenberg.it\/wp-content\/uploads\/2014\/04\/a_discussion_2-320x202.jpg\" alt=\"\" title=\"a_discussion_2\" aria-label=\"a_discussion_2\" class=\"img-responsive wp-image-181\" srcset=\"https:\/\/www.iolandavonguggenberg.it\/wp-content\/uploads\/2014\/04\/a_discussion_2-320x202.jpg 320w, https:\/\/www.iolandavonguggenberg.it\/wp-content\/uploads\/2014\/04\/a_discussion_2-700x441.jpg 700w\" sizes=\"(max-width: 320px) 100vw, 320px\" \/><\/a><\/div><\/div><div style=\"padding:5px;\" class=\"fusion-grid-column fusion-gallery-column fusion-gallery-column-4 hover-type-zoomin\"><div class=\"fusion-gallery-image\"><a href=\"https:\/\/www.iolandavonguggenberg.it\/wp-content\/uploads\/2014\/04\/b_pranoterapia_dettaglio.jpg\" class=\"fusion-lightbox\" data-rel=\"iLightbox[8fa8d054cc0639d50ff]\"><img loading=\"lazy\" decoding=\"async\" width=\"320\" height=\"202\" src=\"https:\/\/www.iolandavonguggenberg.it\/wp-content\/uploads\/2014\/04\/b_pranoterapia_dettaglio-320x202.jpg\" alt=\"\" title=\"b_pranoterapia_dettaglio\" aria-label=\"b_pranoterapia_dettaglio\" class=\"img-responsive wp-image-182\" srcset=\"https:\/\/www.iolandavonguggenberg.it\/wp-content\/uploads\/2014\/04\/b_pranoterapia_dettaglio-320x202.jpg 320w, https:\/\/www.iolandavonguggenberg.it\/wp-content\/uploads\/2014\/04\/b_pranoterapia_dettaglio-700x441.jpg 700w\" sizes=\"(max-width: 320px) 100vw, 320px\" \/><\/a><\/div><\/div><div style=\"padding:5px;\" class=\"fusion-grid-column fusion-gallery-column fusion-gallery-column-4 hover-type-zoomin\"><div class=\"fusion-gallery-image\"><a href=\"https:\/\/www.iolandavonguggenberg.it\/wp-content\/uploads\/2014\/04\/e_conference.jpg\" class=\"fusion-lightbox\" data-rel=\"iLightbox[8fa8d054cc0639d50ff]\"><img loading=\"lazy\" decoding=\"async\" width=\"320\" height=\"202\" src=\"https:\/\/www.iolandavonguggenberg.it\/wp-content\/uploads\/2014\/04\/e_conference-320x202.jpg\" alt=\"\" title=\"e_conference\" aria-label=\"e_conference\" class=\"img-responsive wp-image-183\" srcset=\"https:\/\/www.iolandavonguggenberg.it\/wp-content\/uploads\/2014\/04\/e_conference-320x202.jpg 320w, https:\/\/www.iolandavonguggenberg.it\/wp-content\/uploads\/2014\/04\/e_conference-700x441.jpg 700w\" sizes=\"(max-width: 320px) 100vw, 320px\" \/><\/a><\/div><\/div><div style=\"padding:5px;\" class=\"fusion-grid-column fusion-gallery-column fusion-gallery-column-4 hover-type-zoomin\"><div class=\"fusion-gallery-image\"><a href=\"https:\/\/www.iolandavonguggenberg.it\/wp-content\/uploads\/2014\/04\/Fotolia_53701488.jpg\" class=\"fusion-lightbox\" data-rel=\"iLightbox[8fa8d054cc0639d50ff]\"><img loading=\"lazy\" decoding=\"async\" width=\"320\" height=\"202\" src=\"https:\/\/www.iolandavonguggenberg.it\/wp-content\/uploads\/2014\/04\/Fotolia_53701488-320x202.jpg\" alt=\"\" title=\"Fotolia_53701488\" aria-label=\"Fotolia_53701488\" class=\"img-responsive wp-image-301\" srcset=\"https:\/\/www.iolandavonguggenberg.it\/wp-content\/uploads\/2014\/04\/Fotolia_53701488-320x202.jpg 320w, https:\/\/www.iolandavonguggenberg.it\/wp-content\/uploads\/2014\/04\/Fotolia_53701488-700x441.jpg 700w\" sizes=\"(max-width: 320px) 100vw, 320px\" \/><\/a><\/div><\/div><div class=\"clearfix\"><\/div><\/div><div class=\"fusion-text\"><h2>NEWS<\/h2>\n<\/div><div class=\"fusion-recent-posts fusion-recent-posts-1 avada-container layout-default layout-columns-3\"><section class=\"fusion-columns columns fusion-columns-3 columns-3\"><article class=\"post fusion-column column col col-lg-4 col-md-4 col-sm-4\"><div class=\"fusion-flexslider flexslider flexslider-hover-type-none\"><ul class=\"slides\"><li><a href=\"https:\/\/www.iolandavonguggenberg.it\/de\/i-giardini-di-magdala-sulle-orme-di-maria-maddalena-bolzano-22-marzo-2025-dalle-16-30-alle-19-00-con-paola-bizarri\" class=\"hover-type-none\" aria-label=\"I Giardini di Magdala, sulle orme di Maria Maddalena e breve Workshop esperienziale, Bolzano 22 marzo 2025 dalle 16.30 alle 19.00 con Paola Bizarri\"><img decoding=\"async\" src=\"https:\/\/www.iolandavonguggenberg.it\/wp-content\/uploads\/PHOTO-2024-11-14-10-33-58-595x441.jpg\" alt=\"\" \/><\/a><\/li><\/ul><\/div><div class=\"recent-posts-content\"><span class=\"vcard\" style=\"display: none;\"><span class=\"fn\"><a href=\"https:\/\/www.iolandavonguggenberg.it\/de\/author\/iolanda\" title=\"Beitr\u00e4ge von Iolanda\" rel=\"author\">Iolanda<\/a><\/span><\/span><span class=\"updated\" style=\"display:none;\">2024-11-14T13:58:05+01:00<\/span><h4 class=\"entry-title\"><a href=\"https:\/\/www.iolandavonguggenberg.it\/de\/i-giardini-di-magdala-sulle-orme-di-maria-maddalena-bolzano-22-marzo-2025-dalle-16-30-alle-19-00-con-paola-bizarri\">I Giardini di Magdala, sulle orme di Maria Maddalena e breve Workshop esperienziale, Bolzano 22 marzo 2025 dalle 16.30 alle 19.00 con Paola Bizarri<\/a><\/h4><p><\/p><\/div><\/article><article class=\"post fusion-column column col col-lg-4 col-md-4 col-sm-4\"><div class=\"fusion-flexslider flexslider flexslider-hover-type-none\"><ul class=\"slides\"><li><a href=\"https:\/\/www.iolandavonguggenberg.it\/de\/news-dietenergetic-day-evolution-zu-hause\" class=\"hover-type-none\" aria-label=\"NEWS DIET,ENERGETIC DAY EVOLUTION ZU HAUSE\"><img decoding=\"async\" src=\"https:\/\/www.iolandavonguggenberg.it\/wp-content\/uploads\/background-2277_1920-700x441.jpg\" alt=\"\" \/><\/a><\/li><\/ul><\/div><div class=\"recent-posts-content\"><span class=\"vcard\" style=\"display: none;\"><span class=\"fn\"><a href=\"https:\/\/www.iolandavonguggenberg.it\/de\/author\/iolanda\" title=\"Beitr\u00e4ge von Iolanda\" rel=\"author\">Iolanda<\/a><\/span><\/span><span class=\"updated\" style=\"display:none;\">2023-11-13T17:04:36+01:00<\/span><h4 class=\"entry-title\"><a href=\"https:\/\/www.iolandavonguggenberg.it\/de\/news-dietenergetic-day-evolution-zu-hause\">NEWS DIET,ENERGETIC DAY EVOLUTION ZU HAUSE<\/a><\/h4><p>DIET, ENERGETIC DAY EVOLUTION zu Hause hat den \u00a0Zweck den energetischen Ausgleich zu garantieren aber nicht nur \u00a0sondern auch die Ordnung durch die richtige Diaetvorschrift \u00a0wieder her zu stellen.<\/p><\/div><\/article><article class=\"post fusion-column column col col-lg-4 col-md-4 col-sm-4\"><div class=\"fusion-flexslider flexslider flexslider-hover-type-none\"><ul class=\"slides\"><li><a href=\"https:\/\/www.iolandavonguggenberg.it\/de\/concerto-delle-dolomiti-con-capitanata-a-bolzano-venerdi-01-dicembre\" class=\"hover-type-none\" aria-label=\"CAPITANATA IN BOZEN KOZERT DER DOLOMITEN,  MUSIK AUF 432 Hz,  FREITAG  01.  DEZEMBER 20.30 UHR\"><img decoding=\"async\" src=\"https:\/\/www.iolandavonguggenberg.it\/wp-content\/uploads\/WhatsApp-Image-2023-10-11-at-10.16.34-700x441.jpeg\" alt=\"\" \/><\/a><\/li><\/ul><\/div><div class=\"recent-posts-content\"><span class=\"vcard\" style=\"display: none;\"><span class=\"fn\"><a href=\"https:\/\/www.iolandavonguggenberg.it\/de\/author\/iolanda\" title=\"Beitr\u00e4ge von Iolanda\" rel=\"author\">Iolanda<\/a><\/span><\/span><span class=\"updated\" style=\"display:none;\">2023-11-20T20:01:58+01:00<\/span><h4 class=\"entry-title\"><a href=\"https:\/\/www.iolandavonguggenberg.it\/de\/concerto-delle-dolomiti-con-capitanata-a-bolzano-venerdi-01-dicembre\">CAPITANATA IN BOZEN KOZERT DER DOLOMITEN,  MUSIK AUF 432 Hz,  FREITAG  01.  DEZEMBER 20.30 UHR<\/a><\/h4><p> CAPITANATA IN BOZEN\u00a0 Freitag 01. Dezember 20.30 Uhr Waltherhaus Schlernstrasse, 1 \u2013 39100 - Bozen (BZ) Einzigartiges Konzert MUSIK VON 432 HZ ZUM WOHLFUEHLEN, SCHOENE KLAENGE, VIBRATIONEN \u00a0UND BILDER DER DOLOMITEN Es stellt vor<\/p><\/div><\/article><\/section><\/div><div class=\"fusion-text\"><h3><\/h3>\n<h3 style=\"font-weight: 400;\"><strong>Kleiner Versammlungsraum, ruhig und angenehm, verf\u00fcgbar f\u00fcr Kurse, Konferenzen und Begegnungen<\/strong><\/h3>\n<\/div><div class=\"fusion-clearfix\"><\/div>\n\n\t\t\t\t\t<\/div>\n\t\t\t\t<\/div><\/div><\/div><div class=\"fusion-fullwidth fullwidth-box fusion-parallax-fixed nonhundred-percent-fullwidth non-hundred-percent-height-scrolling\"  style='background-color: rgba(255,255,255,0);background-image: url(\"https:\/\/www.iolandavonguggenberg.it\/wp-content\/uploads\/2014\/04\/content_base.png\");background-position: left top;background-repeat: repeat;padding-top:15px;padding-right:0px;padding-bottom:20px;padding-left:0px;border-top-width:0px;border-bottom-width:0px;border-color:#eae9e9;border-top-style:solid;border-bottom-style:solid;background-attachment:fixed;'><div class=\"fusion-builder-row fusion-row \"><div  class=\"fusion-layout-column fusion_builder_column fusion_builder_column_1_1  fusion-one-full fusion-column-first fusion-column-last 1_1\"  style='margin-top:0px;margin-bottom:0px;width:100%'>\n\t\t\t\t\t<div class=\"fusion-column-wrapper\" style=\"padding: 0px 0px 0px 0px;background-position:left top;background-repeat:no-repeat;-webkit-background-size:cover;-moz-background-size:cover;-o-background-size:cover;background-size:cover;\"  data-bg-url=\"\">\n\t\t\t\t\t\t<div class=\"fusion-text\"><div class=\"box_col1_footer\">\n<h3>Wer sind wir<\/h3>\n<p style=\"text-align: justify;\"><b>Die Di\u00e4tistin<\/b> ist eine spezialisierte Fachkraft. Das Gesetz definiert sie als \u201ckompetente sanit\u00e4re Fachkraft f\u00fcr alle Aktivit\u00e4ten finalisiert f\u00fcr eine korrekte Anwendung der Ern\u00e4hrung\u201d (Ministerialdekret 14\/09\/1994).<br \/>\n\u2013 <strong>Universit\u00e4t von Bologna<\/strong><br \/>\n\u2013 <strong>Universit\u00e4t von Modena und Reggio Emilia<\/strong><\/p>\n<p style=\"text-align: justify;\"><b>Der Biopranatherapeut <\/b>\u00a0ist eine professionelle in Mailand ausgebildete Figur an der Akademie f\u00fcr Biopranatherapie A.N.P.S.I., mit Auszeichnung abgeschlossen.<\/p>\n<p style=\"text-align: justify;\">Der<strong>\u00a0energetische Behandler<\/strong>\u00a0ist ein energetischer Heiler: er loest die Blockaden und bringt das \u00a0Energetische Feld\u00a0des Menschen in Ausgleich.<\/p>\n<h3 style=\"text-align: justify;\">\u00a0Wie findet man uns<\/h3>\n<\/div>\n<div class=\"box_col2_footer\">\n<h2 style=\"text-align: justify;\"><\/h2>\n<p><a href=\"https:\/\/www.iolandavonguggenberg.it\/contatti-studio-di-dietistica-e-biopranoterapia-iolanda-guido-von-guggenberg\">Clicca qui<\/a><br \/>\nper trovarci sulla mappa.<\/p>\n<\/div>\n<div class=\"box_col3_footer\">\n<h3><\/h3>\n<\/div>\n<\/div><div class=\"fusion-clearfix\"><\/div>\n\n\t\t\t\t\t<\/div>\n\t\t\t\t<\/div><\/div><\/div><\/p>\n","protected":false},"excerpt":{"rendered":"","protected":false},"author":1,"featured_media":0,"parent":0,"menu_order":0,"comment_status":"open","ping_status":"closed","template":"100-width.php","meta":{"footnotes":""},"_links":{"self":[{"href":"https:\/\/www.iolandavonguggenberg.it\/de\/wp-json\/wp\/v2\/pages\/547"}],"collection":[{"href":"https:\/\/www.iolandavonguggenberg.it\/de\/wp-json\/wp\/v2\/pages"}],"about":[{"href":"https:\/\/www.iolandavonguggenberg.it\/de\/wp-json\/wp\/v2\/types\/page"}],"author":[{"embeddable":true,"href":"https:\/\/www.iolandavonguggenberg.it\/de\/wp-json\/wp\/v2\/users\/1"}],"replies":[{"embeddable":true,"href":"https:\/\/www.iolandavonguggenberg.it\/de\/wp-json\/wp\/v2\/comments?post=547"}],"version-history":[{"count":24,"href":"https:\/\/www.iolandavonguggenberg.it\/de\/wp-json\/wp\/v2\/pages\/547\/revisions"}],"predecessor-version":[{"id":2499,"href":"https:\/\/www.iolandavonguggenberg.it\/de\/wp-json\/wp\/v2\/pages\/547\/revisions\/2499"}],"wp:attachment":[{"href":"https:\/\/www.iolandavonguggenberg.it\/de\/wp-json\/wp\/v2\/media?parent=547"}],"curies":[{"name":"wp","href":"https:\/\/api.w.org\/{rel}","templated":true}]}}